{"id":6276,"date":"2025-01-07T14:54:24","date_gmt":"2025-01-07T13:54:24","guid":{"rendered":"https:\/\/lesnocesdeflorent.fr\/contact\/"},"modified":"2025-02-05T22:36:15","modified_gmt":"2025-02-05T21:36:15","slug":"contact","status":"publish","type":"page","link":"https:\/\/lesnocesdeflorent.fr\/en\/contact\/","title":{"rendered":"Contact"},"content":{"rendered":"\t\t<div data-elementor-type=\"wp-page\" data-elementor-id=\"6276\" class=\"elementor elementor-6276 elementor-460\" data-elementor-post-type=\"page\">\n\t\t\t\t<div class=\"elementor-element elementor-element-82aaf20 e-con-full e-flex e-con e-parent\" data-id=\"82aaf20\" data-element_type=\"container\" data-settings=\"{&quot;background_background&quot;:&quot;classic&quot;}\">\n\t\t<div class=\"elementor-element elementor-element-b5888ec e-flex e-con-boxed e-con e-child\" data-id=\"b5888ec\" data-element_type=\"container\">\n\t\t\t\t\t<div class=\"e-con-inner\">\n\t\t\t\t<div class=\"elementor-element elementor-element-94606a3 elementor-widget elementor-widget-heading\" data-id=\"94606a3\" data-element_type=\"widget\" data-widget_type=\"heading.default\">\n\t\t\t\t<div class=\"elementor-widget-container\">\n\t\t\t\t\t<h2 class=\"elementor-heading-title elementor-size-default\">Don't hesitate to ask me your <br> questions.<\/h2>\t\t\t\t<\/div>\n\t\t\t\t<\/div>\n\t\t<div class=\"elementor-element elementor-element-1980113 e-con-full e-flex e-con e-child\" data-id=\"1980113\" data-element_type=\"container\" data-settings=\"{&quot;background_background&quot;:&quot;classic&quot;}\">\n\t\t\t\t<\/div>\n\t\t\t\t\t<\/div>\n\t\t\t\t<\/div>\n\t\t\t\t<\/div>\n\t\t<div class=\"elementor-element elementor-element-43b58ee e-flex e-con-boxed e-con e-parent\" data-id=\"43b58ee\" data-element_type=\"container\">\n\t\t\t\t\t<div class=\"e-con-inner\">\n\t\t<div class=\"elementor-element elementor-element-4e0f602 e-flex e-con-boxed e-con e-child\" data-id=\"4e0f602\" data-element_type=\"container\">\n\t\t\t\t\t<div class=\"e-con-inner\">\n\t\t<div class=\"elementor-element elementor-element-9e6468f e-con-full e-flex e-con e-child\" data-id=\"9e6468f\" data-element_type=\"container\">\n\t\t<div class=\"elementor-element elementor-element-6cbe7cc e-con-full e-flex e-con e-child\" data-id=\"6cbe7cc\" data-element_type=\"container\">\n\t\t\t\t<div class=\"elementor-element elementor-element-f70e830 elementor-widget elementor-widget-heading\" data-id=\"f70e830\" data-element_type=\"widget\" data-widget_type=\"heading.default\">\n\t\t\t\t<div class=\"elementor-widget-container\">\n\t\t\t\t\t<h2 class=\"elementor-heading-title elementor-size-default\">Now's the time!<\/h2>\t\t\t\t<\/div>\n\t\t\t\t<\/div>\n\t\t\t\t<div class=\"elementor-element elementor-element-5e0dd68 elementor-widget elementor-widget-text-editor\" data-id=\"5e0dd68\" data-element_type=\"widget\" data-widget_type=\"text-editor.default\">\n\t\t\t\t<div class=\"elementor-widget-container\">\n\t\t\t\t\t\t\t\t\t<p>Let me know what you&#8217;d like to do for one of the most beautiful days of your life, no matter how crazy.<\/p>\n\t\t\t\t\t\t\t\t<\/div>\n\t\t\t\t<\/div>\n\t\t<div class=\"elementor-element elementor-element-966620d e-con-full e-flex e-con e-child\" data-id=\"966620d\" data-element_type=\"container\">\n\t\t<div class=\"elementor-element elementor-element-8d07aa1 e-con-full e-flex e-con e-child\" data-id=\"8d07aa1\" data-element_type=\"container\">\n\t\t\t\t<div class=\"elementor-element elementor-element-c123a6f elementor-widget__width-inherit elementor-widget elementor-widget-text-editor\" data-id=\"c123a6f\" data-element_type=\"widget\" data-widget_type=\"text-editor.default\">\n\t\t\t\t<div class=\"elementor-widget-container\">\n\t\t\t\t\t\t\t\t\t<p><a href=\"tel:%2003%2088%2050%2026\">06 03 88 50<\/a><a href=\"tel:%2003%2088%2050%2026\"> 2<\/a><a href=\"tel:%2003%2088%2050%2026\">6<\/a><\/p>\n\t\t\t\t\t\t\t\t<\/div>\n\t\t\t\t<\/div>\n\t\t\t\t<\/div>\n\t\t<div class=\"elementor-element elementor-element-3650768 e-con-full e-flex e-con e-child\" data-id=\"3650768\" data-element_type=\"container\">\n\t\t\t\t<div class=\"elementor-element elementor-element-20a529a elementor-widget elementor-widget-text-editor\" data-id=\"20a529a\" data-element_type=\"widget\" data-widget_type=\"text-editor.default\">\n\t\t\t\t<div class=\"elementor-widget-container\">\n\t\t\t\t\t\t\t\t\t<p><a href=\"mailto:lesnocesdeflorent@gmail.com\">lesnocesdeflorent@gmail.com<\/a><\/p>\n\t\t\t\t\t\t\t\t<\/div>\n\t\t\t\t<\/div>\n\t\t\t\t<\/div>\n\t\t\t\t<\/div>\n\t\t\t\t<div class=\"elementor-element elementor-element-caa88ca elementor-button-align-start elementor-widget elementor-widget-form\" data-id=\"caa88ca\" data-element_type=\"widget\" data-settings=\"{&quot;step_next_label&quot;:&quot;Next&quot;,&quot;step_previous_label&quot;:&quot;Previous&quot;,&quot;button_width&quot;:&quot;75&quot;,&quot;step_type&quot;:&quot;number_text&quot;,&quot;step_icon_shape&quot;:&quot;circle&quot;}\" data-widget_type=\"form.default\">\n\t\t\t\t<div class=\"elementor-widget-container\">\n\t\t\t\t\t\t\t<form class=\"elementor-form\" method=\"post\" name=\"contact form\">\n\t\t\t<input type=\"hidden\" name=\"post_id\" value=\"6276\"\/>\n\t\t\t<input type=\"hidden\" name=\"form_id\" value=\"caa88ca\"\/>\n\t\t\t<input type=\"hidden\" name=\"referer_title\" value=\"Les noces de Florent\" \/>\n\n\t\t\t\n\t\t\t<div class=\"elementor-form-fields-wrapper elementor-labels-above\">\n\t\t\t\t\t\t\t\t<div class=\"elementor-field-type-text elementor-field-group elementor-column elementor-field-group-name elementor-col-100\">\n\t\t\t\t\t\t\t\t\t\t\t\t<label for=\"form-field-name\" class=\"elementor-field-label\">\n\t\t\t\t\t\t\t\tLast name\t\t\t\t\t\t\t<\/label>\n\t\t\t\t\t\t\t\t\t\t\t\t\t\t<input size=\"1\" type=\"text\" name=\"form_fields[name]\" id=\"form-field-name\" class=\"elementor-field elementor-size-md  elementor-field-textual\">\n\t\t\t\t\t\t\t\t\t\t\t<\/div>\n\t\t\t\t\t\t\t\t<div class=\"elementor-field-type-email elementor-field-group elementor-column elementor-field-group-email elementor-col-100 elementor-field-required\">\n\t\t\t\t\t\t\t\t\t\t\t\t<label for=\"form-field-email\" class=\"elementor-field-label\">\n\t\t\t\t\t\t\t\tE-mail\t\t\t\t\t\t\t<\/label>\n\t\t\t\t\t\t\t\t\t\t\t\t\t\t<input size=\"1\" type=\"email\" name=\"form_fields[email]\" id=\"form-field-email\" class=\"elementor-field elementor-size-md  elementor-field-textual\" required=\"required\">\n\t\t\t\t\t\t\t\t\t\t\t<\/div>\n\t\t\t\t\t\t\t\t<div class=\"elementor-field-type-text elementor-field-group elementor-column elementor-field-group-field_f245b34 elementor-col-100\">\n\t\t\t\t\t\t\t\t\t\t\t\t<label for=\"form-field-field_f245b34\" class=\"elementor-field-label\">\n\t\t\t\t\t\t\t\tObject\t\t\t\t\t\t\t<\/label>\n\t\t\t\t\t\t\t\t\t\t\t\t\t\t<input size=\"1\" type=\"text\" name=\"form_fields[field_f245b34]\" id=\"form-field-field_f245b34\" class=\"elementor-field elementor-size-md  elementor-field-textual\">\n\t\t\t\t\t\t\t\t\t\t\t<\/div>\n\t\t\t\t\t\t\t\t<div class=\"elementor-field-type-textarea elementor-field-group elementor-column elementor-field-group-message elementor-col-100\">\n\t\t\t\t\t\t\t\t\t\t\t\t<label for=\"form-field-message\" class=\"elementor-field-label\">\n\t\t\t\t\t\t\t\tYour message\t\t\t\t\t\t\t<\/label>\n\t\t\t\t\t\t<textarea class=\"elementor-field-textual elementor-field  elementor-size-md\" name=\"form_fields[message]\" id=\"form-field-message\" rows=\"8\"><\/textarea>\t\t\t\t<\/div>\n\t\t\t\t\t\t\t\t<div class=\"elementor-field-group elementor-column elementor-field-type-submit elementor-col-75 e-form__buttons\">\n\t\t\t\t\t<button class=\"elementor-button elementor-size-sm\" type=\"submit\">\n\t\t\t\t\t\t<span class=\"elementor-button-content-wrapper\">\n\t\t\t\t\t\t\t\t\t\t\t\t\t\t\t\t\t\t\t\t\t\t<span class=\"elementor-button-text\">Send<\/span>\n\t\t\t\t\t\t\t\t\t\t\t\t\t<\/span>\n\t\t\t\t\t<\/button>\n\t\t\t\t<\/div>\n\t\t\t<\/div>\n\t\t<\/form>\n\t\t\t\t\t\t<\/div>\n\t\t\t\t<\/div>\n\t\t\t\t<\/div>\n\t\t\t\t<div class=\"elementor-element elementor-element-934d490 elementor-widget elementor-widget-image\" data-id=\"934d490\" data-element_type=\"widget\" data-widget_type=\"image.default\">\n\t\t\t\t<div class=\"elementor-widget-container\">\n\t\t\t\t\t\t\t\t\t\t\t\t\t\t\t<img fetchpriority=\"high\" decoding=\"async\" width=\"734\" height=\"1100\" src=\"https:\/\/lesnocesdeflorent.fr\/wp-content\/uploads\/2024\/08\/Karen-Maurits-wedding-BW-6.jpg\" class=\"attachment-full size-full wp-image-3513\" alt=\"Photographe mariage La Rochelle Vend\u00e9e\" srcset=\"https:\/\/lesnocesdeflorent.fr\/wp-content\/uploads\/2024\/08\/Karen-Maurits-wedding-BW-6.jpg 734w, https:\/\/lesnocesdeflorent.fr\/wp-content\/uploads\/2024\/08\/Karen-Maurits-wedding-BW-6-200x300.jpg 200w, https:\/\/lesnocesdeflorent.fr\/wp-content\/uploads\/2024\/08\/Karen-Maurits-wedding-BW-6-683x1024.jpg 683w\" sizes=\"(max-width: 734px) 100vw, 734px\" \/>\t\t\t\t\t\t\t\t\t\t\t\t\t\t\t<\/div>\n\t\t\t\t<\/div>\n\t\t\t\t<\/div>\n\t\t\t\t\t<\/div>\n\t\t\t\t<\/div>\n\t\t\t\t\t<\/div>\n\t\t\t\t<\/div>\n\t\t<div class=\"elementor-element elementor-element-3dad634 e-flex e-con-boxed e-con e-parent\" data-id=\"3dad634\" data-element_type=\"container\">\n\t\t\t\t\t<div class=\"e-con-inner\">\n\t\t\t\t<div class=\"elementor-element elementor-element-7e53fbe elementor-widget elementor-widget-heading\" data-id=\"7e53fbe\" data-element_type=\"widget\" data-widget_type=\"heading.default\">\n\t\t\t\t<div class=\"elementor-widget-container\">\n\t\t\t\t\t<h2 class=\"elementor-heading-title elementor-size-default\">my approach<\/h2>\t\t\t\t<\/div>\n\t\t\t\t<\/div>\n\t\t\t\t<div class=\"elementor-element elementor-element-06cb3ce elementor-widget elementor-widget-text-editor\" data-id=\"06cb3ce\" data-element_type=\"widget\" data-widget_type=\"text-editor.default\">\n\t\t\t\t<div class=\"elementor-widget-container\">\n\t\t\t\t\t\t\t\t\t<p>More than just a performance,<br \/><a href=\"https:\/\/www.instagram.com\/lesnocesdeflorent\/\" target=\"_self\">Les Noces de Florent<\/a> is an experience.<\/p>\n<p>A unique look for a unique day: yours.<\/p>\n\t\t\t\t\t\t\t\t<\/div>\n\t\t\t\t<\/div>\n\t\t\t\t\t<\/div>\n\t\t\t\t<\/div>\n\t\t<div class=\"elementor-element elementor-element-f80fe7c e-flex e-con-boxed e-con e-parent\" data-id=\"f80fe7c\" data-element_type=\"container\" data-settings=\"{&quot;background_background&quot;:&quot;classic&quot;}\">\n\t\t\t\t\t<div class=\"e-con-inner\">\n\t\t\t\t\t<\/div>\n\t\t\t\t<\/div>\n\t\t<div class=\"elementor-element elementor-element-4d76db8 e-con-full e-flex e-con e-parent\" data-id=\"4d76db8\" data-element_type=\"container\">\n\t\t<div class=\"elementor-element elementor-element-7e69486 e-con-full e-flex e-con e-child\" data-id=\"7e69486\" data-element_type=\"container\" data-settings=\"{&quot;background_background&quot;:&quot;classic&quot;}\">\n\t\t<div class=\"elementor-element elementor-element-d5253f5 e-con-full e-flex e-con e-child\" data-id=\"d5253f5\" data-element_type=\"container\" data-settings=\"{&quot;background_background&quot;:&quot;classic&quot;}\">\n\t\t\t\t<div class=\"elementor-element elementor-element-d03ed0f elementor-widget elementor-widget-heading\" data-id=\"d03ed0f\" data-element_type=\"widget\" data-widget_type=\"heading.default\">\n\t\t\t\t<div class=\"elementor-widget-container\">\n\t\t\t\t\t<h2 class=\"elementor-heading-title elementor-size-default\">instagram<\/h2>\t\t\t\t<\/div>\n\t\t\t\t<\/div>\n\t\t\t\t<div class=\"elementor-element elementor-element-3f74de7 elementor-shape-rounded elementor-grid-0 e-grid-align-center elementor-widget elementor-widget-social-icons\" data-id=\"3f74de7\" data-element_type=\"widget\" data-widget_type=\"social-icons.default\">\n\t\t\t\t<div class=\"elementor-widget-container\">\n\t\t\t\t\t\t\t<div class=\"elementor-social-icons-wrapper elementor-grid\">\n\t\t\t\t\t\t\t<span class=\"elementor-grid-item\">\n\t\t\t\t\t<a class=\"elementor-icon elementor-social-icon elementor-social-icon-instagram elementor-repeater-item-6083baf\" target=\"_blank\">\n\t\t\t\t\t\t<span class=\"elementor-screen-only\">Instagram<\/span>\n\t\t\t\t\t\t<i class=\"fab fa-instagram\"><\/i>\t\t\t\t\t<\/a>\n\t\t\t\t<\/span>\n\t\t\t\t\t<\/div>\n\t\t\t\t\t\t<\/div>\n\t\t\t\t<\/div>\n\t\t\t\t<div class=\"elementor-element elementor-element-1d2129e elementor-widget elementor-widget-text-editor\" data-id=\"1d2129e\" data-element_type=\"widget\" data-widget_type=\"text-editor.default\">\n\t\t\t\t<div class=\"elementor-widget-container\">\n\t\t\t\t\t\t\t\t\t<p><span class=\"has-inline-font\" style=\"color: #ffffff;\"><a style=\"color: #ffffff;\" href=\"https:\/\/www.instagram.com\/lesnocesdeflorent\/?hl=fr\" target=\"_self\">#lesnocesdeflorent<\/a><\/span><\/p>\n\t\t\t\t\t\t\t\t<\/div>\n\t\t\t\t<\/div>\n\t\t\t\t<\/div>\n\t\t\t\t<\/div>\n\t\t\t\t<\/div>\n\t\t\t\t<\/div>\n\t\t","protected":false},"excerpt":{"rendered":"<p>Don&#8217;t hesitate to ask me your questions. Now&#8217;s the time! Let me know what you&#8217;d like to do for one of the most beautiful days of your life, no matter how crazy. 06 03 88 50 26 lesnocesdeflorent@gmail.com my approach More than just a performance,Les Noces de Florent is an experience. A unique look for [&hellip;]<\/p>\n","protected":false},"author":1,"featured_media":0,"parent":0,"menu_order":0,"comment_status":"closed","ping_status":"closed","template":"","meta":{"footnotes":""},"class_list":["post-6276","page","type-page","status-publish","hentry"],"yoast_head":"<!-- This site is optimized with the Yoast SEO plugin v24.4 - https:\/\/yoast.com\/wordpress\/plugins\/seo\/ -->\n<title>Wedding photographer Poitiers | Contact<\/title>\n<meta name=\"description\" content=\"Find the contact details of your wedding photographer: Les Noces de Florent. A unique vision for a unique day.\" \/>\n<meta name=\"robots\" content=\"index, follow, max-snippet:-1, max-image-preview:large, max-video-preview:-1\" \/>\n<link rel=\"canonical\" href=\"https:\/\/lesnocesdeflorent.fr\/en\/contact\/\" \/>\n<meta property=\"og:locale\" content=\"en_US\" \/>\n<meta property=\"og:type\" content=\"article\" \/>\n<meta property=\"og:title\" content=\"Wedding photographer Poitiers | Contact\" \/>\n<meta property=\"og:description\" content=\"Find the contact details of your wedding photographer: Les Noces de Florent. A unique vision for a unique day.\" \/>\n<meta property=\"og:url\" content=\"https:\/\/lesnocesdeflorent.fr\/en\/contact\/\" \/>\n<meta property=\"og:site_name\" content=\"Les noces de Florent\" \/>\n<meta property=\"article:modified_time\" content=\"2025-02-05T21:36:15+00:00\" \/>\n<meta property=\"og:image\" content=\"https:\/\/lesnocesdeflorent.fr\/wp-content\/uploads\/2024\/08\/Karen-Maurits-wedding-BW-6.jpg\" \/>\n\t<meta property=\"og:image:width\" content=\"734\" \/>\n\t<meta property=\"og:image:height\" content=\"1100\" \/>\n\t<meta property=\"og:image:type\" content=\"image\/jpeg\" \/>\n<meta name=\"twitter:card\" content=\"summary_large_image\" \/>\n<script type=\"application\/ld+json\" class=\"yoast-schema-graph\">{\"@context\":\"https:\/\/schema.org\",\"@graph\":[{\"@type\":\"WebPage\",\"@id\":\"https:\/\/lesnocesdeflorent.fr\/en\/contact\/\",\"url\":\"https:\/\/lesnocesdeflorent.fr\/en\/contact\/\",\"name\":\"Wedding photographer Poitiers | Contact\",\"isPartOf\":{\"@id\":\"https:\/\/lesnocesdeflorent.fr\/en\/#website\"},\"primaryImageOfPage\":{\"@id\":\"https:\/\/lesnocesdeflorent.fr\/en\/contact\/#primaryimage\"},\"image\":{\"@id\":\"https:\/\/lesnocesdeflorent.fr\/en\/contact\/#primaryimage\"},\"thumbnailUrl\":\"https:\/\/lesnocesdeflorent.fr\/wp-content\/uploads\/2024\/08\/Karen-Maurits-wedding-BW-6.jpg\",\"datePublished\":\"2025-01-07T13:54:24+00:00\",\"dateModified\":\"2025-02-05T21:36:15+00:00\",\"description\":\"Find the contact details of your wedding photographer: Les Noces de Florent. A unique vision for a unique day.\",\"breadcrumb\":{\"@id\":\"https:\/\/lesnocesdeflorent.fr\/en\/contact\/#breadcrumb\"},\"inLanguage\":\"en-US\",\"potentialAction\":[{\"@type\":\"ReadAction\",\"target\":[\"https:\/\/lesnocesdeflorent.fr\/en\/contact\/\"]}]},{\"@type\":\"ImageObject\",\"inLanguage\":\"en-US\",\"@id\":\"https:\/\/lesnocesdeflorent.fr\/en\/contact\/#primaryimage\",\"url\":\"https:\/\/lesnocesdeflorent.fr\/wp-content\/uploads\/2024\/08\/Karen-Maurits-wedding-BW-6.jpg\",\"contentUrl\":\"https:\/\/lesnocesdeflorent.fr\/wp-content\/uploads\/2024\/08\/Karen-Maurits-wedding-BW-6.jpg\"},{\"@type\":\"BreadcrumbList\",\"@id\":\"https:\/\/lesnocesdeflorent.fr\/en\/contact\/#breadcrumb\",\"itemListElement\":[{\"@type\":\"ListItem\",\"position\":1,\"name\":\"Accueil\",\"item\":\"https:\/\/lesnocesdeflorent.fr\/en\/home\/\"},{\"@type\":\"ListItem\",\"position\":2,\"name\":\"Contact\"}]},{\"@type\":\"WebSite\",\"@id\":\"https:\/\/lesnocesdeflorent.fr\/en\/#website\",\"url\":\"https:\/\/lesnocesdeflorent.fr\/en\/\",\"name\":\"Les noces de Florent\",\"description\":\"Photographe bas\u00e9 \u00e0 Poitiers, je vous accompagne en toute discr\u00e9tion  pour capturer vos instants de joie, saisis sur le vif.\",\"publisher\":{\"@id\":\"https:\/\/lesnocesdeflorent.fr\/en\/#organization\"},\"potentialAction\":[{\"@type\":\"SearchAction\",\"target\":{\"@type\":\"EntryPoint\",\"urlTemplate\":\"https:\/\/lesnocesdeflorent.fr\/en\/?s={search_term_string}\"},\"query-input\":{\"@type\":\"PropertyValueSpecification\",\"valueRequired\":true,\"valueName\":\"search_term_string\"}}],\"inLanguage\":\"en-US\"},{\"@type\":\"Organization\",\"@id\":\"https:\/\/lesnocesdeflorent.fr\/en\/#organization\",\"name\":\"Les noces de Florent\",\"url\":\"https:\/\/lesnocesdeflorent.fr\/en\/\",\"logo\":{\"@type\":\"ImageObject\",\"inLanguage\":\"en-US\",\"@id\":\"https:\/\/lesnocesdeflorent.fr\/en\/#\/schema\/logo\/image\/\",\"url\":\"https:\/\/lesnocesdeflorent.fr\/wp-content\/uploads\/2022\/09\/Logo_1.png\",\"contentUrl\":\"https:\/\/lesnocesdeflorent.fr\/wp-content\/uploads\/2022\/09\/Logo_1.png\",\"width\":231,\"height\":88,\"caption\":\"Les noces de Florent\"},\"image\":{\"@id\":\"https:\/\/lesnocesdeflorent.fr\/en\/#\/schema\/logo\/image\/\"}}]}<\/script>\n<!-- \/ Yoast SEO plugin. -->","yoast_head_json":{"title":"Wedding photographer Poitiers | Contact","description":"Find the contact details of your wedding photographer: Les Noces de Florent. A unique vision for a unique day.","robots":{"index":"index","follow":"follow","max-snippet":"max-snippet:-1","max-image-preview":"max-image-preview:large","max-video-preview":"max-video-preview:-1"},"canonical":"https:\/\/lesnocesdeflorent.fr\/en\/contact\/","og_locale":"en_US","og_type":"article","og_title":"Wedding photographer Poitiers | Contact","og_description":"Find the contact details of your wedding photographer: Les Noces de Florent. A unique vision for a unique day.","og_url":"https:\/\/lesnocesdeflorent.fr\/en\/contact\/","og_site_name":"Les noces de Florent","article_modified_time":"2025-02-05T21:36:15+00:00","og_image":[{"width":734,"height":1100,"url":"https:\/\/lesnocesdeflorent.fr\/wp-content\/uploads\/2024\/08\/Karen-Maurits-wedding-BW-6.jpg","type":"image\/jpeg"}],"twitter_card":"summary_large_image","schema":{"@context":"https:\/\/schema.org","@graph":[{"@type":"WebPage","@id":"https:\/\/lesnocesdeflorent.fr\/en\/contact\/","url":"https:\/\/lesnocesdeflorent.fr\/en\/contact\/","name":"Wedding photographer Poitiers | Contact","isPartOf":{"@id":"https:\/\/lesnocesdeflorent.fr\/en\/#website"},"primaryImageOfPage":{"@id":"https:\/\/lesnocesdeflorent.fr\/en\/contact\/#primaryimage"},"image":{"@id":"https:\/\/lesnocesdeflorent.fr\/en\/contact\/#primaryimage"},"thumbnailUrl":"https:\/\/lesnocesdeflorent.fr\/wp-content\/uploads\/2024\/08\/Karen-Maurits-wedding-BW-6.jpg","datePublished":"2025-01-07T13:54:24+00:00","dateModified":"2025-02-05T21:36:15+00:00","description":"Find the contact details of your wedding photographer: Les Noces de Florent. A unique vision for a unique day.","breadcrumb":{"@id":"https:\/\/lesnocesdeflorent.fr\/en\/contact\/#breadcrumb"},"inLanguage":"en-US","potentialAction":[{"@type":"ReadAction","target":["https:\/\/lesnocesdeflorent.fr\/en\/contact\/"]}]},{"@type":"ImageObject","inLanguage":"en-US","@id":"https:\/\/lesnocesdeflorent.fr\/en\/contact\/#primaryimage","url":"https:\/\/lesnocesdeflorent.fr\/wp-content\/uploads\/2024\/08\/Karen-Maurits-wedding-BW-6.jpg","contentUrl":"https:\/\/lesnocesdeflorent.fr\/wp-content\/uploads\/2024\/08\/Karen-Maurits-wedding-BW-6.jpg"},{"@type":"BreadcrumbList","@id":"https:\/\/lesnocesdeflorent.fr\/en\/contact\/#breadcrumb","itemListElement":[{"@type":"ListItem","position":1,"name":"Accueil","item":"https:\/\/lesnocesdeflorent.fr\/en\/home\/"},{"@type":"ListItem","position":2,"name":"Contact"}]},{"@type":"WebSite","@id":"https:\/\/lesnocesdeflorent.fr\/en\/#website","url":"https:\/\/lesnocesdeflorent.fr\/en\/","name":"Les noces de Florent","description":"Photographe bas\u00e9 \u00e0 Poitiers, je vous accompagne en toute discr\u00e9tion  pour capturer vos instants de joie, saisis sur le vif.","publisher":{"@id":"https:\/\/lesnocesdeflorent.fr\/en\/#organization"},"potentialAction":[{"@type":"SearchAction","target":{"@type":"EntryPoint","urlTemplate":"https:\/\/lesnocesdeflorent.fr\/en\/?s={search_term_string}"},"query-input":{"@type":"PropertyValueSpecification","valueRequired":true,"valueName":"search_term_string"}}],"inLanguage":"en-US"},{"@type":"Organization","@id":"https:\/\/lesnocesdeflorent.fr\/en\/#organization","name":"Les noces de Florent","url":"https:\/\/lesnocesdeflorent.fr\/en\/","logo":{"@type":"ImageObject","inLanguage":"en-US","@id":"https:\/\/lesnocesdeflorent.fr\/en\/#\/schema\/logo\/image\/","url":"https:\/\/lesnocesdeflorent.fr\/wp-content\/uploads\/2022\/09\/Logo_1.png","contentUrl":"https:\/\/lesnocesdeflorent.fr\/wp-content\/uploads\/2022\/09\/Logo_1.png","width":231,"height":88,"caption":"Les noces de Florent"},"image":{"@id":"https:\/\/lesnocesdeflorent.fr\/en\/#\/schema\/logo\/image\/"}}]}},"_links":{"self":[{"href":"https:\/\/lesnocesdeflorent.fr\/en\/wp-json\/wp\/v2\/pages\/6276","targetHints":{"allow":["GET"]}}],"collection":[{"href":"https:\/\/lesnocesdeflorent.fr\/en\/wp-json\/wp\/v2\/pages"}],"about":[{"href":"https:\/\/lesnocesdeflorent.fr\/en\/wp-json\/wp\/v2\/types\/page"}],"author":[{"embeddable":true,"href":"https:\/\/lesnocesdeflorent.fr\/en\/wp-json\/wp\/v2\/users\/1"}],"replies":[{"embeddable":true,"href":"https:\/\/lesnocesdeflorent.fr\/en\/wp-json\/wp\/v2\/comments?post=6276"}],"version-history":[{"count":3,"href":"https:\/\/lesnocesdeflorent.fr\/en\/wp-json\/wp\/v2\/pages\/6276\/revisions"}],"predecessor-version":[{"id":6483,"href":"https:\/\/lesnocesdeflorent.fr\/en\/wp-json\/wp\/v2\/pages\/6276\/revisions\/6483"}],"wp:attachment":[{"href":"https:\/\/lesnocesdeflorent.fr\/en\/wp-json\/wp\/v2\/media?parent=6276"}],"curies":[{"name":"wp","href":"https:\/\/api.w.org\/{rel}","templated":true}]}}